{"id":2,"date":"2021-05-02T07:00:25","date_gmt":"2021-05-02T05:00:25","guid":{"rendered":"http:\/\/djeepy.dyndns.org\/?page_id=2"},"modified":"2022-07-30T12:23:55","modified_gmt":"2022-07-30T10:23:55","slug":"contact","status":"publish","type":"page","link":"https:\/\/djeepy-photographie.blogsite.org\/?page_id=2","title":{"rendered":"Contact"},"content":{"rendered":"\n<p><strong>Jean-Pierre LEPR\u00c9VOST<\/strong><\/p>\n\n\n\n<p>Courriel : <a href=\"mailto:djeepy.photographie@free.fr\">djeepy.photographie@free.fr<\/a><\/p>\n\n\n\n<p>T\u00e9l\u00e9phone : 06 32 07 76 53<\/p>\n","protected":false},"excerpt":{"rendered":"<p>Jean-Pierre LEPR\u00c9VOST Courriel : djeepy.photographie@free.fr T\u00e9l\u00e9phone : 06 32 07 76 53<\/p>\n","protected":false},"author":1,"featured_media":0,"parent":0,"menu_order":0,"comment_status":"closed","ping_status":"open","template":"","meta":{"footnotes":""},"class_list":["post-2","page","type-page","status-publish","hentry"],"_links":{"self":[{"href":"https:\/\/djeepy-photographie.blogsite.org\/index.php?rest_route=\/wp\/v2\/pages\/2","targetHints":{"allow":["GET"]}}],"collection":[{"href":"https:\/\/djeepy-photographie.blogsite.org\/index.php?rest_route=\/wp\/v2\/pages"}],"about":[{"href":"https:\/\/djeepy-photographie.blogsite.org\/index.php?rest_route=\/wp\/v2\/types\/page"}],"author":[{"embeddable":true,"href":"https:\/\/djeepy-photographie.blogsite.org\/index.php?rest_route=\/wp\/v2\/users\/1"}],"replies":[{"embeddable":true,"href":"https:\/\/djeepy-photographie.blogsite.org\/index.php?rest_route=%2Fwp%2Fv2%2Fcomments&post=2"}],"version-history":[{"count":8,"href":"https:\/\/djeepy-photographie.blogsite.org\/index.php?rest_route=\/wp\/v2\/pages\/2\/revisions"}],"predecessor-version":[{"id":2190,"href":"https:\/\/djeepy-photographie.blogsite.org\/index.php?rest_route=\/wp\/v2\/pages\/2\/revisions\/2190"}],"wp:attachment":[{"href":"https:\/\/djeepy-photographie.blogsite.org\/index.php?rest_route=%2Fwp%2Fv2%2Fmedia&parent=2"}],"curies":[{"name":"wp","href":"https:\/\/api.w.org\/{rel}","templated":true}]}}